{"id":16465,"date":"2022-09-09T10:20:33","date_gmt":"2022-09-09T10:20:33","guid":{"rendered":"https:\/\/albstar.al\/new\/karriera\/"},"modified":"2022-09-26T13:06:45","modified_gmt":"2022-09-26T13:06:45","slug":"karriera","status":"publish","type":"page","link":"https:\/\/albstar.al\/new\/karriera\/?lang=sq","title":{"rendered":"Karriera"},"content":{"rendered":"\t\t<div data-elementor-type=\"wp-page\" data-elementor-id=\"16465\" class=\"elementor elementor-16465 elementor-408\">\n\t\t\t\t\t\t\t\t\t<section class=\"elementor-section elementor-top-section elementor-element elementor-element-a129a8d elementor-section-boxed elementor-section-height-default elementor-section-height-default\" data-id=\"a129a8d\" data-element_type=\"section\" data-settings=\"{&quot;background_background&quot;:&quot;classic&quot;}\">\n\t\t\t\t\t\t<div class=\"elementor-container elementor-column-gap-default\">\n\t\t\t\t\t<div class=\"elementor-column elementor-col-100 elementor-top-column elementor-element elementor-element-a12a2c8\" data-id=\"a12a2c8\" data-element_type=\"column\">\n\t\t\t<div class=\"elementor-widget-wrap elementor-element-populated\">\n\t\t\t\t\t\t\t\t<div class=\"elementor-element elementor-element-a12aa27 elementor-widget elementor-widget-text-editor\" data-id=\"a12aa27\" data-element_type=\"widget\" data-widget_type=\"text-editor.default\">\n\t\t\t\t<div class=\"elementor-widget-container\">\n\t\t\t<style>\/*! elementor - v3.9.1 - 14-12-2022 *\/\n.elementor-widget-text-editor.elementor-drop-cap-view-stacked .elementor-drop-cap{background-color:#818a91;color:#fff}.elementor-widget-text-editor.elementor-drop-cap-view-framed .elementor-drop-cap{color:#818a91;border:3px solid;background-color:transparent}.elementor-widget-text-editor:not(.elementor-drop-cap-view-default) .elementor-drop-cap{margin-top:8px}.elementor-widget-text-editor:not(.elementor-drop-cap-view-default) .elementor-drop-cap-letter{width:1em;height:1em}.elementor-widget-text-editor .elementor-drop-cap{float:left;text-align:center;line-height:1;font-size:50px}.elementor-widget-text-editor .elementor-drop-cap-letter{display:inline-block}<\/style>\t\t\t\t<p>Misioni yn\u00eb \u00ebsht\u00eb t\u00eb ndihmojm\u00eb klient\u00ebt tan\u00eb t\u00eb ken\u00eb sukses p\u00ebrmes cil\u00ebsis\u00eb s\u00eb jasht\u00ebzakonshme, kompetenc\u00ebs dhe objektivitetit, duke ofruar udh\u00ebheqje t\u00eb mendimit dhe duke ofruar sh\u00ebrbimet dhe zgjidhjet m\u00eb t\u00eb mira p\u00ebr t\u00eb k\u00ebnaqur objektivat e klientit n\u00eb teknologjin\u00eb e informacionit, proceset e biznesit dhe menaxhimin.<\/p>\n<p>N\u00eb gjith\u00e7ka q\u00eb b\u00ebjm\u00eb, ne udh\u00ebhiqemi nga \u00ebndrrat tona, duke jetuar sipas Vlerave tona p\u00ebr t\u00eb nxitur marr\u00ebdh\u00ebnie t\u00eb besueshme dhe p\u00ebr t\u00eb p\u00ebrmbushur angazhimet tona tani dhe n\u00eb t\u00eb ardhmen.<\/p>\n\t\t\t\t\t\t<\/div>\n\t\t\t\t<\/div>\n\t\t\t\t<section class=\"elementor-section elementor-top-section elementor-element elementor-element-a12d34f elementor-section-boxed elementor-section-height-default elementor-section-height-default\" data-id=\"a12d34f\" data-element_type=\"section\" data-settings=\"{&quot;background_background&quot;:&quot;classic&quot;}\">\n\t\t\t\t\t\t<div class=\"elementor-container elementor-column-gap-default\">\n\t\t\t\t\t<div class=\"elementor-column elementor-col-50 elementor-top-column elementor-element elementor-element-a12d903\" data-id=\"a12d903\" data-element_type=\"column\">\n\t\t\t<div class=\"elementor-widget-wrap elementor-element-populated\">\n\t\t\t\t\t\t\t\t<div class=\"elementor-element elementor-element-0891615 elementor-widget elementor-widget-image\" data-id=\"0891615\" data-element_type=\"widget\" data-widget_type=\"image.default\">\n\t\t\t\t<div class=\"elementor-widget-container\">\n\t\t\t<style>\/*! elementor - v3.9.1 - 14-12-2022 *\/\n.elementor-widget-image{text-align:center}.elementor-widget-image a{display:inline-block}.elementor-widget-image a img[src$=\".svg\"]{width:48px}.elementor-widget-image img{vertical-align:middle;display:inline-block}<\/style>\t\t\t\t\t\t\t\t\t\t\t\t<img width=\"1024\" height=\"683\" src=\"https:\/\/albstar.al\/new\/wp-content\/uploads\/2022\/05\/Picture1-1024x683.png\" class=\"attachment-large size-large wp-image-16440\" alt=\"Albstar logo\" loading=\"lazy\" srcset=\"https:\/\/albstar.al\/new\/wp-content\/uploads\/2022\/05\/Picture1-1024x683.png 1024w, https:\/\/albstar.al\/new\/wp-content\/uploads\/2022\/05\/Picture1-300x200.png 300w, https:\/\/albstar.al\/new\/wp-content\/uploads\/2022\/05\/Picture1-768x512.png 768w, https:\/\/albstar.al\/new\/wp-content\/uploads\/2022\/05\/Picture1-900x600.png 900w, https:\/\/albstar.al\/new\/wp-content\/uploads\/2022\/05\/Picture1-600x400.png 600w, https:\/\/albstar.al\/new\/wp-content\/uploads\/2022\/05\/Picture1.png 1500w\" sizes=\"(max-width: 1024px) 100vw, 1024px\" \/>\t\t\t\t\t\t\t\t\t\t\t\t\t\t\t<\/div>\n\t\t\t\t<\/div>\n\t\t\t\t\t<\/div>\n\t\t<\/div>\n\t\t\t\t<div class=\"elementor-column elementor-col-50 elementor-top-column elementor-element elementor-element-a12e3e6\" data-id=\"a12e3e6\" data-element_type=\"column\">\n\t\t\t<div class=\"elementor-widget-wrap elementor-element-populated\">\n\t\t\t\t\t\t\t\t<div class=\"elementor-element elementor-element-a12e96b elementor-widget elementor-widget-vc_custom_heading\" data-id=\"a12e96b\" data-element_type=\"widget\" data-widget_type=\"vc_custom_heading.default\">\n\t\t\t\t<div class=\"elementor-widget-container\">\n\t\t\t<div class=\" vc_custom_heading no_stripe remove_padding consulting_heading_font  text_align_left\" ><h4 style=\"color: #222222;text-align: left;font-weight:700\" class=\"consulting-custom-title\">Benefits and Rewards\n<\/h4><\/div>\t\t<\/div>\n\t\t\t\t<\/div>\n\t\t\t\t<div class=\"elementor-element elementor-element-a12ee6b elementor-widget elementor-widget-text-editor\" data-id=\"a12ee6b\" data-element_type=\"widget\" data-widget_type=\"text-editor.default\">\n\t\t\t\t<div class=\"elementor-widget-container\">\n\t\t\t\t\t\t\t<p>Ne kujdesemi p\u00ebr biznesin e klientit ton\u00eb si biznesin ton\u00eb. Ne mendojm\u00eb dhe veprojm\u00eb si partner\u00eb biznesi, jo si k\u00ebshilltar\u00eb akademik\u00eb. Ne ndajm\u00eb aspiratat e klient\u00ebve tan\u00eb, punojm\u00eb p\u00ebr t\u00eb kuptuar realitetin e tyre dhe p\u00ebrputhim stimujt tan\u00eb me objektivat e tyre \u2013 n\u00eb m\u00ebnyr\u00eb q\u00eb ata t\u00eb din\u00eb se ne jemi n\u00eb k\u00ebt\u00eb s\u00eb bashku.<\/p>\n<p>Ndikimi personal, mentorimi dhe puna n\u00eb grup jan\u00eb vet\u00ebm disa nga p\u00ebrfitimet e nd\u00ebrtimit t\u00eb nj\u00eb karriere n\u00eb Albstar.<\/p>\n\t\t\t\t\t\t<\/div>\n\t\t\t\t<\/div>\n\t\t\t\t\t<\/div>\n\t\t<\/div>\n\t\t\t\t\t\t\t<\/div>\n\t\t<\/section>\n\t\t\t\t<div class=\"elementor-element elementor-element-a12f1f6 elementor-widget elementor-widget-vc_custom_heading\" data-id=\"a12f1f6\" data-element_type=\"widget\" data-widget_type=\"vc_custom_heading.default\">\n\t\t\t\t<div class=\"elementor-widget-container\">\n\t\t\t<div class=\" vc_custom_heading no_stripe consulting_heading_font  text_align_left\" ><h4 style=\"color: #222222;text-align: left;font-weight:700\" class=\"consulting-custom-title\">Open positions\n<\/h4><\/div>\t\t<\/div>\n\t\t\t\t<\/div>\n\t\t\t\t<div class=\"elementor-element elementor-element-a12f55b elementor-widget__width-inherit elementor-widget elementor-widget-stm_vacancies\" data-id=\"a12f55b\" data-element_type=\"widget\" data-widget_type=\"stm_vacancies.default\">\n\t\t\t\t<div class=\"elementor-widget-container\">\n\t\t\t        <div class=\"stm_vacancies consulting_elementor_vacancies style_2\">\n        <div class=\"row\">\n                            <div class=\"col-sm-6 col-md-4\">\n                    <div class=\"stm_vacancies__inner\">\n                        <a href=\"https:\/\/albstar.al\/new\/careers_archive\/for-the-moment-albstar-doesnt-have-any-open-positions\/\" class=\"title\">\n                            <h5>For the moment, AlbStar doesn&#8217;t have any open positions.<\/h5>\n                        <\/a>\n                        <div class=\"location info\"><\/div>\n                        <div class=\"department info\"><\/div>\n                        <div class=\"read-more\">\n                            <a href=\"https:\/\/albstar.al\/new\/careers_archive\/for-the-moment-albstar-doesnt-have-any-open-positions\/\" class=\"base_font_color\">\n                                <i class=\"stm-lnr-arrow-right third_bg_color\"><\/i>\n                                Read more                            <\/a>\n                            <span class=\"date\">\n                                May 9, 2022                            <\/span>\n                        <\/div>\n                    <\/div>\n                <\/div>\n                    <\/div>\n    <\/div>\n    \t\t<\/div>\n\t\t\t\t<\/div>\n\t\t\t\t\t<\/div>\n\t\t<\/div>\n\t\t\t\t<div class=\"elementor-column elementor-col-25 elementor-top-column elementor-element elementor-element-a12f66c elementor-hidden-tablet elementor-hidden-phone\" data-id=\"a12f66c\" data-element_type=\"column\">\n\t\t\t<div class=\"elementor-widget-wrap elementor-element-populated\">\n\t\t\t\t\t\t\t\t<div class=\"elementor-element elementor-element-a12fc39 elementor-widget elementor-widget-stm_sidebar\" data-id=\"a12fc39\" data-element_type=\"widget\" data-widget_type=\"stm_sidebar.default\">\n\t\t\t\t<div class=\"elementor-widget-container\">\n\t\t\t\n<div class=\"stm_sidebar consulting_elementor_sidebar\">\n\n            \t\t<div data-elementor-type=\"wp-post\" data-elementor-id=\"527\" class=\"elementor elementor-527\">\n\t\t\t\t\t\t\t\t\t<section class=\"elementor-section elementor-top-section elementor-element elementor-element-86c5a23 elementor-section-boxed elementor-section-height-default elementor-section-height-default\" data-id=\"86c5a23\" data-element_type=\"section\" data-settings=\"{&quot;background_background&quot;:&quot;classic&quot;}\">\n\t\t\t\t\t\t<div class=\"elementor-container elementor-column-gap-default\">\n\t\t\t\t\t<div class=\"elementor-column elementor-col-100 elementor-top-column elementor-element elementor-element-86c64eb\" data-id=\"86c64eb\" data-element_type=\"column\">\n\t\t\t<div class=\"elementor-widget-wrap elementor-element-populated\">\n\t\t\t\t\t\t\t\t<div class=\"elementor-element elementor-element-86c6c09 elementor-widget elementor-widget-wp-widget-search\" data-id=\"86c6c09\" data-element_type=\"widget\" data-widget_type=\"wp-widget-search.default\">\n\t\t\t\t<div class=\"elementor-widget-container\">\n\t\t\t<aside class='widget widget_search'><form method=\"get\" class=\"search-form\" action=\"https:\/\/albstar.al\/new\/\">\n\t<input type=\"search\" class=\"form-control\" placeholder=\"Search...\" value=\"\" name=\"s\" \/>\n\t<button type=\"submit\"><i class=\"fa fa-search\"><\/i><\/button>\n<input type='hidden' name='lang' value='en' \/><\/form><\/aside>\t\t<\/div>\n\t\t\t\t<\/div>\n\t\t\t\t\t<\/div>\n\t\t<\/div>\n\t\t\t\t\t\t\t<\/div>\n\t\t<\/section>\n\t\t\t\t<section class=\"elementor-section elementor-top-section elementor-element elementor-element-254f96c elementor-section-boxed elementor-section-height-default elementor-section-height-default\" data-id=\"254f96c\" data-element_type=\"section\">\n\t\t\t\t\t\t<div class=\"elementor-container elementor-column-gap-default\">\n\t\t\t\t\t<div class=\"elementor-column elementor-col-100 elementor-top-column elementor-element elementor-element-35b4dfe\" data-id=\"35b4dfe\" data-element_type=\"column\" data-settings=\"{&quot;background_background&quot;:&quot;classic&quot;}\">\n\t\t\t<div class=\"elementor-widget-wrap elementor-element-populated\">\n\t\t\t\t\t\t\t\t<section class=\"elementor-section elementor-inner-section elementor-element elementor-element-3e7bd05 elementor-section-boxed elementor-section-height-default elementor-section-height-default\" data-id=\"3e7bd05\" data-element_type=\"section\" data-settings=\"{&quot;background_background&quot;:&quot;classic&quot;}\">\n\t\t\t\t\t\t<div class=\"elementor-container elementor-column-gap-default\">\n\t\t\t\t\t<div class=\"elementor-column elementor-col-100 elementor-inner-column elementor-element elementor-element-5222e8b\" data-id=\"5222e8b\" data-element_type=\"column\" data-settings=\"{&quot;background_background&quot;:&quot;classic&quot;}\">\n\t\t\t<div class=\"elementor-widget-wrap elementor-element-populated\">\n\t\t\t\t\t\t\t\t<div class=\"elementor-element elementor-element-a3b6559 elementor-widget elementor-widget-vc_custom_heading\" data-id=\"a3b6559\" data-element_type=\"widget\" data-widget_type=\"vc_custom_heading.default\">\n\t\t\t\t<div class=\"elementor-widget-container\">\n\t\t\t<div class=\" vc_custom_heading  consulting_heading_font  text_align_left title_no_stripe\" ><div style=\"font-size: 16px;color: #002E5B;text-align: left;font-weight:700\" class=\"consulting-custom-title\">How can we help you?\n<\/div><\/div>\t\t<\/div>\n\t\t\t\t<\/div>\n\t\t\t\t<div class=\"elementor-element elementor-element-4d24857 elementor-widget elementor-widget-text-editor\" data-id=\"4d24857\" data-element_type=\"widget\" data-widget_type=\"text-editor.default\">\n\t\t\t\t<div class=\"elementor-widget-container\">\n\t\t\t\t\t\t\t<p>Contact us at our premises or submit a business inquiry online.<\/p>\n\t\t\t\t\t\t<\/div>\n\t\t\t\t<\/div>\n\t\t\t\t<div class=\"elementor-element elementor-element-aa74b16 elementor-widget__width-auto elementor-widget elementor-widget-button\" data-id=\"aa74b16\" data-element_type=\"widget\" data-widget_type=\"button.default\">\n\t\t\t\t<div class=\"elementor-widget-container\">\n\t\t\t\t\t<div class=\"elementor-button-wrapper icon_align_left  \">\n\t\t\t<a href=\"\/contact-us\/\" class=\"elementor-button-link elementor-button elementor-size-md\" role=\"button\">\n\t\t\t\t\t\t<span class=\"elementor-button-content-wrapper\">\n\t\t\t\t\t\t\t<span class=\"elementor-button-icon elementor-align-icon-left\">\n\t\t\t\t<i aria-hidden=\"true\" class=\"fas fa-phone-square-alt\"><\/i>\t\t\t<\/span>\n\t\t\t\t\t\t<span class=\"elementor-button-text\">contacts<\/span>\n\t\t<\/span>\n\t\t\t\t\t<\/a>\n\t\t<\/div>\n\t\t\t\t<\/div>\n\t\t\t\t<\/div>\n\t\t\t\t\t<\/div>\n\t\t<\/div>\n\t\t\t\t\t\t\t<\/div>\n\t\t<\/section>\n\t\t\t\t\t<\/div>\n\t\t<\/div>\n\t\t\t\t\t\t\t<\/div>\n\t\t<\/section>\n\t\t\t\t<section class=\"elementor-section elementor-top-section elementor-element elementor-element-03dafc5 elementor-section-boxed elementor-section-height-default elementor-section-height-default\" data-id=\"03dafc5\" data-element_type=\"section\">\n\t\t\t\t\t\t<div class=\"elementor-container elementor-column-gap-default\">\n\t\t\t\t\t\t\t\t<\/div>\n\t\t<\/section>\n\t\t\t\t\t\t\t<\/div>\n\t\t    \n<\/div>\t\t<\/div>\n\t\t\t\t<\/div>\n\t\t\t\t\t<\/div>\n\t\t<\/div>\n\t\t\t\t\t\t\t<\/div>\n\t\t<\/section>\n\t\t\t\t\t\t\t<\/div>\n\t\t","protected":false},"excerpt":{"rendered":"<p>Misioni yn\u00eb \u00ebsht\u00eb t\u00eb ndihmojm\u00eb klient\u00ebt tan\u00eb t\u00eb ken\u00eb sukses p\u00ebrmes cil\u00ebsis\u00eb s\u00eb jasht\u00ebzakonshme, kompetenc\u00ebs dhe objektivitetit, duke ofruar udh\u00ebheqje t\u00eb mendimit dhe duke ofruar sh\u00ebrbimet dhe zgjidhjet m\u00eb t\u00eb mira p\u00ebr t\u00eb k\u00ebnaqur objektivat e klientit n\u00eb teknologjin\u00eb e informacionit, proceset e biznesit dhe menaxhimin. N\u00eb gjith\u00e7ka q\u00eb b\u00ebjm\u00eb, ne udh\u00ebhiqemi nga \u00ebndrrat tona,<\/p>\n","protected":false},"author":1,"featured_media":0,"parent":0,"menu_order":0,"comment_status":"closed","ping_status":"closed","template":"","meta":[],"_links":{"self":[{"href":"https:\/\/albstar.al\/new\/wp-json\/wp\/v2\/pages\/16465"}],"collection":[{"href":"https:\/\/albstar.al\/new\/wp-json\/wp\/v2\/pages"}],"about":[{"href":"https:\/\/albstar.al\/new\/wp-json\/wp\/v2\/types\/page"}],"author":[{"embeddable":true,"href":"https:\/\/albstar.al\/new\/wp-json\/wp\/v2\/users\/1"}],"replies":[{"embeddable":true,"href":"https:\/\/albstar.al\/new\/wp-json\/wp\/v2\/comments?post=16465"}],"version-history":[{"count":21,"href":"https:\/\/albstar.al\/new\/wp-json\/wp\/v2\/pages\/16465\/revisions"}],"predecessor-version":[{"id":16782,"href":"https:\/\/albstar.al\/new\/wp-json\/wp\/v2\/pages\/16465\/revisions\/16782"}],"wp:attachment":[{"href":"https:\/\/albstar.al\/new\/wp-json\/wp\/v2\/media?parent=16465"}],"curies":[{"name":"wp","href":"https:\/\/api.w.org\/{rel}","templated":true}]}}