{"id":16463,"date":"2022-09-09T10:17:36","date_gmt":"2022-09-09T10:17:36","guid":{"rendered":"https:\/\/albstar.al\/new\/portofoli\/"},"modified":"2022-09-12T14:48:20","modified_gmt":"2022-09-12T14:48:20","slug":"portofoli","status":"publish","type":"page","link":"https:\/\/albstar.al\/new\/portofoli\/?lang=sq","title":{"rendered":"Portofoli"},"content":{"rendered":"\t\t<div data-elementor-type=\"wp-page\" data-elementor-id=\"16463\" class=\"elementor elementor-16463 elementor-6273\">\n\t\t\t\t\t\t\t\t\t<section class=\"elementor-section elementor-top-section elementor-element elementor-element-38d1c84 elementor-section-boxed elementor-section-height-default elementor-section-height-default\" data-id=\"38d1c84\" data-element_type=\"section\">\n\t\t\t\t\t\t<div class=\"elementor-container elementor-column-gap-default\">\n\t\t\t\t\t<div class=\"elementor-column elementor-col-100 elementor-top-column elementor-element elementor-element-3f03d04\" data-id=\"3f03d04\" data-element_type=\"column\">\n\t\t\t<div class=\"elementor-widget-wrap elementor-element-populated\">\n\t\t\t\t\t\t\t\t<div class=\"elementor-element elementor-element-0d0c8d6 elementor-widget elementor-widget-heading\" data-id=\"0d0c8d6\" data-element_type=\"widget\" data-widget_type=\"heading.default\">\n\t\t\t\t<div class=\"elementor-widget-container\">\n\t\t\t<style>\/*! elementor - v3.9.1 - 14-12-2022 *\/\n.elementor-heading-title{padding:0;margin:0;line-height:1}.elementor-widget-heading .elementor-heading-title[class*=elementor-size-]>a{color:inherit;font-size:inherit;line-height:inherit}.elementor-widget-heading .elementor-heading-title.elementor-size-small{font-size:15px}.elementor-widget-heading .elementor-heading-title.elementor-size-medium{font-size:19px}.elementor-widget-heading .elementor-heading-title.elementor-size-large{font-size:29px}.elementor-widget-heading .elementor-heading-title.elementor-size-xl{font-size:39px}.elementor-widget-heading .elementor-heading-title.elementor-size-xxl{font-size:59px}<\/style><h3 class=\"elementor-heading-title elementor-size-default\">PROJEKTE P\u00cbR T\u00cb CILAT JEMI KRENARE<\/h3>\t\t<\/div>\n\t\t\t\t<\/div>\n\t\t\t\t<div class=\"elementor-element elementor-element-cba78d1 elementor-widget elementor-widget-text-editor\" data-id=\"cba78d1\" data-element_type=\"widget\" data-widget_type=\"text-editor.default\">\n\t\t\t\t<div class=\"elementor-widget-container\">\n\t\t\t<style>\/*! elementor - v3.9.1 - 14-12-2022 *\/\n.elementor-widget-text-editor.elementor-drop-cap-view-stacked .elementor-drop-cap{background-color:#818a91;color:#fff}.elementor-widget-text-editor.elementor-drop-cap-view-framed .elementor-drop-cap{color:#818a91;border:3px solid;background-color:transparent}.elementor-widget-text-editor:not(.elementor-drop-cap-view-default) .elementor-drop-cap{margin-top:8px}.elementor-widget-text-editor:not(.elementor-drop-cap-view-default) .elementor-drop-cap-letter{width:1em;height:1em}.elementor-widget-text-editor .elementor-drop-cap{float:left;text-align:center;line-height:1;font-size:50px}.elementor-widget-text-editor .elementor-drop-cap-letter{display:inline-block}<\/style>\t\t\t\t<p>E themeluar n\u00eb vitin 1995, me mbi 20 vjet p\u00ebrvoj\u00eb, AlbStar \u00ebsht\u00eb nj\u00eb nga kompanit\u00eb m\u00eb t\u00eb m\u00ebdha n\u00eb Shqip\u00ebri, q\u00eb ofron nj\u00eb gam\u00eb t\u00eb gjer\u00eb sh\u00ebrbimesh inxhinierike.<\/p>\n\t\t\t\t\t\t<\/div>\n\t\t\t\t<\/div>\n\t\t\t\t<div class=\"elementor-element elementor-element-29e5882 elementor-widget elementor-widget-spacer\" data-id=\"29e5882\" data-element_type=\"widget\" data-widget_type=\"spacer.default\">\n\t\t\t\t<div class=\"elementor-widget-container\">\n\t\t\t<style>\/*! elementor - v3.9.1 - 14-12-2022 *\/\n.elementor-column .elementor-spacer-inner{height:var(--spacer-size)}.e-con{--container-widget-width:100%}.e-con-inner>.elementor-widget-spacer,.e-con>.elementor-widget-spacer{width:var(--container-widget-width,var(--spacer-size));--align-self:var(--container-widget-align-self,initial);--flex-shrink:0}.e-con-inner>.elementor-widget-spacer>.elementor-widget-container,.e-con-inner>.elementor-widget-spacer>.elementor-widget-container>.elementor-spacer,.e-con>.elementor-widget-spacer>.elementor-widget-container,.e-con>.elementor-widget-spacer>.elementor-widget-container>.elementor-spacer{height:100%}.e-con-inner>.elementor-widget-spacer>.elementor-widget-container>.elementor-spacer>.elementor-spacer-inner,.e-con>.elementor-widget-spacer>.elementor-widget-container>.elementor-spacer>.elementor-spacer-inner{height:var(--container-widget-height,var(--spacer-size))}<\/style>\t\t<div class=\"elementor-spacer\">\n\t\t\t<div class=\"elementor-spacer-inner\"><\/div>\n\t\t<\/div>\n\t\t\t\t<\/div>\n\t\t\t\t<\/div>\n\t\t\t\t\t<\/div>\n\t\t<\/div>\n\t\t\t\t\t\t\t<\/div>\n\t\t<\/section>\n\t\t\t\t<section class=\"elementor-section elementor-top-section elementor-element elementor-element-020169a elementor-section-boxed elementor-section-height-default elementor-section-height-default\" data-id=\"020169a\" data-element_type=\"section\">\n\t\t\t\t\t\t<div class=\"elementor-container elementor-column-gap-default\">\n\t\t\t\t\t<div class=\"elementor-column elementor-col-100 elementor-top-column elementor-element elementor-element-0201dba\" data-id=\"0201dba\" data-element_type=\"column\">\n\t\t\t<div class=\"elementor-widget-wrap elementor-element-populated\">\n\t\t\t\t\t\t\t\t<div class=\"elementor-element elementor-element-020234b elementor-widget elementor-widget-stm_portfolio\" data-id=\"020234b\" data-element_type=\"widget\" data-widget_type=\"stm_portfolio.default\">\n\t\t\t\t<div class=\"elementor-widget-container\">\n\t\t\t\n<div class=\"portfolio_box consulting_elementor_portfolio style_2\">\n        <ul class=\"category_filter\">\n        <li class=\"active stm_secondary_text_color\"><a href=\"#all\" class=\"stm_base_text_color\">All<\/a><\/li>\n                    <li class=\"stm_secondary_text_color\">\n                <a href=\"#architectural-restoration\" class=\"stm_base_text_color\">Architectural Restoration<\/a>\n            <\/li>\n                    <li class=\"stm_secondary_text_color\">\n                <a href=\"#civil-constructions\" class=\"stm_base_text_color\">Civil Constructions<\/a>\n            <\/li>\n                    <li class=\"stm_secondary_text_color\">\n                <a href=\"#environmental-protection\" class=\"stm_base_text_color\">Environmental Protection<\/a>\n            <\/li>\n                    <li class=\"stm_secondary_text_color\">\n                <a href=\"#infrastructure\" class=\"stm_base_text_color\">Infrastructure<\/a>\n            <\/li>\n                    <li class=\"stm_secondary_text_color\">\n                <a href=\"#road-and-railway-infrastructure\" class=\"stm_base_text_color\">Road &amp; Railway Infrastructure<\/a>\n            <\/li>\n                    <li class=\"stm_secondary_text_color\">\n                <a href=\"#water-supply-sewer-systems\" class=\"stm_base_text_color\">Water Supply &amp; Sewer Systems<\/a>\n            <\/li>\n            <\/ul>\n        <div class=\"stm_portfolio_grid consulting_elementor_portfolio style_2\">\n                    <div class=\"item all water-supply-sewer-systems\">\n            <div class=\"item_thumbnail has-thumbnail\">\n            <img loading=\"lazy\" class=\"\" src=\"https:\/\/albstar.al\/new\/wp-content\/uploads\/2022\/05\/2.png\" width=\"360\" height=\"250\" alt=\"Rehabilitation of the Water Supply System of Berat and Ku\u00e7ova\" title=\"Rehabilitation of the Water Supply System of Berat and Ku\u00e7ova\" \/>            <a href=\"https:\/\/albstar.al\/new\/portfolio\/rehabilitation-of-the-water-supply-system-of-berat-and-kucova\/\">\n                <span class=\"portfolio-title\">\n                    Rehabilitation of the Water Supply System of Berat and Ku\u00e7ova                                            <span class=\"portfolio-category\">Water Supply &amp; Sewer Systems<\/span>\n                                    <\/span>\n            <\/a>\n        <\/div>\n    <\/div>                    <div class=\"item all environmental-protection\">\n            <div class=\"item_thumbnail has-thumbnail\">\n            <img loading=\"lazy\" class=\"\" src=\"https:\/\/albstar.al\/new\/wp-content\/uploads\/2022\/05\/Environmental-Protection-of-Lake-Ohrid-360x403.jpg\" width=\"360\" height=\"403\" alt=\"Environmental Protection of Lake Ohrid\" title=\"Environmental Protection of Lake Ohrid\" \/>            <a href=\"https:\/\/albstar.al\/new\/portfolio\/environmental-protection-of-lake-ohrid\/\">\n                <span class=\"portfolio-title\">\n                    Environmental Protection of Lake Ohrid                                            <span class=\"portfolio-category\">Environmental Protection<\/span>\n                                    <\/span>\n            <\/a>\n        <\/div>\n    <\/div>                    <div class=\"item all civil-constructions\">\n            <div class=\"item_thumbnail has-thumbnail\">\n            <img loading=\"lazy\" class=\"\" src=\"https:\/\/albstar.al\/new\/wp-content\/uploads\/2022\/05\/1_render-360x283.jpg\" width=\"360\" height=\"283\" alt=\"Reconception of Fier City Center\" title=\"Reconception of Fier City Center\" \/>            <a href=\"https:\/\/albstar.al\/new\/portfolio\/reconception-of-fier-city-center\/\">\n                <span class=\"portfolio-title\">\n                    Reconception of Fier City Center                                            <span class=\"portfolio-category\">Civil Constructions<\/span>\n                                    <\/span>\n            <\/a>\n        <\/div>\n    <\/div>                    <div class=\"item all road-and-railway-infrastructure\">\n            <div class=\"item_thumbnail has-thumbnail\">\n            <img loading=\"lazy\" class=\"\" src=\"https:\/\/albstar.al\/new\/wp-content\/uploads\/2022\/05\/1.png\" width=\"360\" height=\"250\" alt=\"Construction of Access Roads for the Trans Adriatic Pipeline, Albania\" title=\"Construction of Access Roads for the Trans Adriatic Pipeline, Albania\" \/>            <a href=\"https:\/\/albstar.al\/new\/portfolio\/construction-of-access-roads-for-the-trans-adriatic-pipeline\/\">\n                <span class=\"portfolio-title\">\n                    Construction of Access Roads for the Trans Adriatic Pipeline                                            <span class=\"portfolio-category\">Road &amp; Railway Infrastructure<\/span>\n                                    <\/span>\n            <\/a>\n        <\/div>\n    <\/div>                    <div class=\"item all infrastructure\">\n            <div class=\"item_thumbnail has-thumbnail\">\n            <img loading=\"lazy\" class=\"\" src=\"https:\/\/albstar.al\/new\/wp-content\/uploads\/2022\/04\/4.png\" width=\"360\" height=\"283\" alt=\"Construction of Metal Structures and Installation of Steel Pipelines\" title=\"Construction of Metal Structures and Installation of Steel Pipelines\" \/>            <a href=\"https:\/\/albstar.al\/new\/portfolio\/construction-of-metal-structures-and-installation-of-steel-pipelines\/\">\n                <span class=\"portfolio-title\">\n                    Construction of Metal Structures and Installation of Steel Pipelines                                            <span class=\"portfolio-category\">Infrastructure<\/span>\n                                    <\/span>\n            <\/a>\n        <\/div>\n    <\/div>                    <div class=\"item all infrastructure\">\n            <div class=\"item_thumbnail has-thumbnail\">\n            <img loading=\"lazy\" class=\"\" src=\"https:\/\/albstar.al\/new\/wp-content\/uploads\/2022\/04\/ing.png\" width=\"360\" height=\"403\" alt=\"Civil Construction And Services In The Oil And Gas Industry\" title=\"Civil Construction And Services In The Oil And Gas Industry\" \/>            <a href=\"https:\/\/albstar.al\/new\/portfolio\/civil-construction-and-services-in-the-oil-and-gas-industry\/\">\n                <span class=\"portfolio-title\">\n                    Civil Construction And Services In The Oil And Gas Industry                                            <span class=\"portfolio-category\">Infrastructure<\/span>\n                                    <\/span>\n            <\/a>\n        <\/div>\n    <\/div>                    <div class=\"item all road-and-railway-infrastructure\">\n            <div class=\"item_thumbnail has-thumbnail\">\n            <img loading=\"lazy\" class=\"\" src=\"https:\/\/albstar.al\/new\/wp-content\/uploads\/2022\/04\/Rehabilitimi-i-hekurudhes-nacionale-Ballsh-Fier-Vlore-360x250.png\" width=\"360\" height=\"250\" alt=\"Rehabilitimi-i-hekurudh\u00ebs-nacionale-Ballsh-Fier-Vlor\u00eb\" title=\"Rehabilitimi-i-hekurudh\u00ebs-nacionale-Ballsh-Fier-Vlor\u00eb\" \/>            <a href=\"https:\/\/albstar.al\/new\/portfolio\/rehabilitation-of-ballsh-fier-national-railway-2\/\">\n                <span class=\"portfolio-title\">\n                    Rehabilitation Of Ballsh \u2013 Fier National Railway                                            <span class=\"portfolio-category\">Road &amp; Railway Infrastructure<\/span>\n                                    <\/span>\n            <\/a>\n        <\/div>\n    <\/div>                    <div class=\"item all civil-constructions\">\n            <div class=\"item_thumbnail has-thumbnail\">\n            <img loading=\"lazy\" class=\"\" src=\"https:\/\/albstar.al\/new\/wp-content\/uploads\/2022\/04\/Arena-Center-1.png\" width=\"360\" height=\"283\" alt=\"Arena Center\" title=\"Arena Center\" \/>            <a href=\"https:\/\/albstar.al\/new\/portfolio\/national-arena-stadium\/\">\n                <span class=\"portfolio-title\">\n                    National Arena Stadium                                            <span class=\"portfolio-category\">Civil Constructions<\/span>\n                                    <\/span>\n            <\/a>\n        <\/div>\n    <\/div>                    <div class=\"item all architectural-restoration\">\n            <div class=\"item_thumbnail has-thumbnail\">\n            <img loading=\"lazy\" class=\"\" src=\"https:\/\/albstar.al\/new\/wp-content\/uploads\/2017\/02\/Picture1-360x341.jpg\" width=\"360\" height=\"341\" alt=\"Reconstruction and restoration of 68 buildings in the Historical Center of the city of Vlora\" title=\"Reconstruction and restoration of 68 buildings in the Historical Center of the city of Vlora\" \/>            <a href=\"https:\/\/albstar.al\/new\/portfolio\/reconstruction-and-restoration-of-68-buildings-in-the-historical-center-of-the-city-of-vlora\/\">\n                <span class=\"portfolio-title\">\n                    Reconstruction and Restoration of 68 buildings in the Historical Center of the city of Vlora                                            <span class=\"portfolio-category\">Architectural Restoration<\/span>\n                                    <\/span>\n            <\/a>\n        <\/div>\n    <\/div>                    <\/div>\n                <\/div>\n<script type=\"text\/javascript\">\n    jQuery(document).ready(function ($) {\n        var $container = $(\".stm_portfolio_grid\");\n        var originLeft = true;\n        if ($(\"body\").hasClass(\"rtl\")) {\n            originLeft = false;\n        }\n        $container.isotope({\n            layoutMode: \"packery\",\n            itemSelector: \".item\",\n            transitionDuration: \"0.7s\",\n            gutter: 10,\n            isOriginLeft: originLeft,\n                    });\n        $container.imagesLoaded().progress(function () {\n            $container.isotope(\"layout\");\n        });\n        $container.isotope(\"layout\");\n\n        $(document).on(\"click\", \".portfolio_load_more_btn\", function (e) {\n            e.preventDefault();\n            var page = $(this).attr(\"data-page\");\n            var load_by = $(this).attr(\"data-load\");\n            var category = $(this).attr('data-category');\n            var style = $(this).attr('data-style');\n            $.ajax({\n                url: ajaxurl,\n                type: \"POST\",\n                dataType: \"json\",\n                data: \"&page=\" + page + \"&load_by=\" + load_by + \"&category=\" + category + \"&style=\" + style + \"&action=stm_ajax_load_portfolio&security=\" + stm_ajax_load_portfolio,\n                context: this,\n                beforeSend: function (data) {\n                    $(this).parent().addClass(\"portfolio_posts_loading\");\n                },\n                success: function (data) {\n                    $(this).parent().removeClass(\"portfolio_posts_loading\");\n                    if (data.html) {\n                        var $items = $(data.html);\n                        $(\".stm_portfolio_grid\").append($items).isotope(\"appended\", $items, false);\n                        stm_sort_portfolio();\n                    }\n                    $(this).attr(\"data-page\", data.new_page);\n                    if (!data.load_more) {\n                        $(this).remove();\n                        $(\".portfolio_btn_box\").remove();\n                    }\n                }\n            });\n        });\n\n        function stm_sort_portfolio() {\n            \/\/ Init Isotope\n            if ($(\".stm_portfolio\").length) {\n                $(\".stm_portfolio\").isotope({\n                    itemSelector: \".item\",\n                    layoutMode: \"packery\"\n                });\n            }\n        }\n        if($container.closest('.vc_tta').length > 0){\n            $('.vc_tta-tab > a').on('click', function () {\n                setTimeout(function () {\n                    $container.isotope(\"layout\");\n                    stm_sort_portfolio();\n                }, 300);\n            })\n        }\n\n        $('.portfolio_box .category_filter a').on('click', function () {\n            var i = 0;\n            $(this).closest('ul').find('li.active').removeClass('active');\n            $(this).parent().addClass('active');\n            var sort = $(this).attr('href');\n            sort = sort.substring(1);\n                        $container.isotope({\n                filter: '.' + sort\n            });\n                        return false;\n        });\n    });\n<\/script>\t\t<\/div>\n\t\t\t\t<\/div>\n\t\t\t\t\t<\/div>\n\t\t<\/div>\n\t\t\t\t\t\t\t<\/div>\n\t\t<\/section>\n\t\t\t\t\t\t\t<\/div>\n\t\t","protected":false},"excerpt":{"rendered":"<p>PROJEKTE P\u00cbR T\u00cb CILAT JEMI KRENARE E themeluar n\u00eb vitin 1995, me mbi 20 vjet p\u00ebrvoj\u00eb, AlbStar \u00ebsht\u00eb nj\u00eb nga kompanit\u00eb m\u00eb t\u00eb m\u00ebdha n\u00eb Shqip\u00ebri, q\u00eb ofron nj\u00eb gam\u00eb t\u00eb gjer\u00eb sh\u00ebrbimesh inxhinierike. All Rikonstruksioni dhe restaurimi i 68 objekteve n\u00eb Qendr\u00ebn Historike t\u00eb qytetit t\u00eb Vlor\u00ebs Restaurime Arkitekturore Stadiumi \u201cArena Komb\u00ebtare\u201d Nd\u00ebrtime Civile<\/p>\n","protected":false},"author":1,"featured_media":0,"parent":0,"menu_order":0,"comment_status":"closed","ping_status":"closed","template":"","meta":[],"_links":{"self":[{"href":"https:\/\/albstar.al\/new\/wp-json\/wp\/v2\/pages\/16463"}],"collection":[{"href":"https:\/\/albstar.al\/new\/wp-json\/wp\/v2\/pages"}],"about":[{"href":"https:\/\/albstar.al\/new\/wp-json\/wp\/v2\/types\/page"}],"author":[{"embeddable":true,"href":"https:\/\/albstar.al\/new\/wp-json\/wp\/v2\/users\/1"}],"replies":[{"embeddable":true,"href":"https:\/\/albstar.al\/new\/wp-json\/wp\/v2\/comments?post=16463"}],"version-history":[{"count":12,"href":"https:\/\/albstar.al\/new\/wp-json\/wp\/v2\/pages\/16463\/revisions"}],"predecessor-version":[{"id":16729,"href":"https:\/\/albstar.al\/new\/wp-json\/wp\/v2\/pages\/16463\/revisions\/16729"}],"wp:attachment":[{"href":"https:\/\/albstar.al\/new\/wp-json\/wp\/v2\/media?parent=16463"}],"curies":[{"name":"wp","href":"https:\/\/api.w.org\/{rel}","templated":true}]}}